{"id":291,"date":"2024-02-06T12:59:40","date_gmt":"2024-02-06T11:59:40","guid":{"rendered":"https:\/\/anovenydoki.hu\/tanfolyamok\/?page_id=291"},"modified":"2024-02-06T13:00:57","modified_gmt":"2024-02-06T12:00:57","slug":"aszf","status":"publish","type":"page","link":"https:\/\/anovenydoki.hu\/tanfolyamok\/aszf\/","title":{"rendered":"\u00c1SZF"},"content":{"rendered":"\t\t<div data-elementor-type=\"wp-page\" data-elementor-id=\"291\" class=\"elementor elementor-291\" data-elementor-post-type=\"page\">\n\t\t\t\t<div class=\"elementor-element elementor-element-97543c8 e-flex e-con-boxed e-con e-parent\" data-id=\"97543c8\" data-element_type=\"container\" data-core-v316-plus=\"true\">\n\t\t\t\t\t<div class=\"e-con-inner\">\n\t\t\t\t<div class=\"elementor-element elementor-element-d2c71f9 elementor-widget elementor-widget-text-editor\" data-id=\"d2c71f9\" data-element_type=\"widget\" data-widget_type=\"text-editor.default\">\n\t\t\t\t<div class=\"elementor-widget-container\">\n\t\t\t<style>\/*! elementor - v3.20.0 - 13-03-2024 *\/\n.elementor-widget-text-editor.elementor-drop-cap-view-stacked .elementor-drop-cap{background-color:#69727d;color:#fff}.elementor-widget-text-editor.elementor-drop-cap-view-framed .elementor-drop-cap{color:#69727d;border:3px solid;background-color:transparent}.elementor-widget-text-editor:not(.elementor-drop-cap-view-default) .elementor-drop-cap{margin-top:8px}.elementor-widget-text-editor:not(.elementor-drop-cap-view-default) .elementor-drop-cap-letter{width:1em;height:1em}.elementor-widget-text-editor .elementor-drop-cap{float:left;text-align:center;line-height:1;font-size:50px}.elementor-widget-text-editor .elementor-drop-cap-letter{display:inline-block}<\/style>\t\t\t\t<p><a href=\"https:\/\/anovenydoki.hu\/tanfolyamok\/wp-content\/uploads\/2024\/02\/aszf-anovenydoki.pdf\" target=\"_blank\" rel=\"noopener\">Az \u00c1SZF let\u00f6lt\u00e9se<\/a><\/p>\t\t\t\t\t\t<\/div>\n\t\t\t\t<\/div>\n\t\t\t\t\t<\/div>\n\t\t\t\t<\/div>\n\t\t\t\t<\/div>\n\t\t","protected":false},"excerpt":{"rendered":"<p>Az \u00c1SZF let\u00f6lt\u00e9se<\/p>\n","protected":false},"author":1,"featured_media":0,"parent":0,"menu_order":0,"comment_status":"closed","ping_status":"closed","template":"","meta":{"_seopress_robots_primary_cat":"","_seopress_titles_title":"","_seopress_titles_desc":"","_seopress_robots_index":"","footnotes":""},"_links":{"self":[{"href":"https:\/\/anovenydoki.hu\/tanfolyamok\/wp-json\/wp\/v2\/pages\/291"}],"collection":[{"href":"https:\/\/anovenydoki.hu\/tanfolyamok\/wp-json\/wp\/v2\/pages"}],"about":[{"href":"https:\/\/anovenydoki.hu\/tanfolyamok\/wp-json\/wp\/v2\/types\/page"}],"author":[{"embeddable":true,"href":"https:\/\/anovenydoki.hu\/tanfolyamok\/wp-json\/wp\/v2\/users\/1"}],"replies":[{"embeddable":true,"href":"https:\/\/anovenydoki.hu\/tanfolyamok\/wp-json\/wp\/v2\/comments?post=291"}],"version-history":[{"count":4,"href":"https:\/\/anovenydoki.hu\/tanfolyamok\/wp-json\/wp\/v2\/pages\/291\/revisions"}],"predecessor-version":[{"id":298,"href":"https:\/\/anovenydoki.hu\/tanfolyamok\/wp-json\/wp\/v2\/pages\/291\/revisions\/298"}],"wp:attachment":[{"href":"https:\/\/anovenydoki.hu\/tanfolyamok\/wp-json\/wp\/v2\/media?parent=291"}],"curies":[{"name":"wp","href":"https:\/\/api.w.org\/{rel}","templated":true}]}}