{"id":3,"date":"2024-01-17T10:04:51","date_gmt":"2024-01-17T10:04:51","guid":{"rendered":"https:\/\/anovenydoki.hu\/tanfolyamok\/?page_id=3"},"modified":"2024-01-30T17:55:53","modified_gmt":"2024-01-30T16:55:53","slug":"adatkezelesi-tajekoztato","status":"publish","type":"page","link":"https:\/\/anovenydoki.hu\/tanfolyamok\/adatkezelesi-tajekoztato\/","title":{"rendered":"Adatkezel\u00e9si t\u00e1j\u00e9koztat\u00f3"},"content":{"rendered":"<p><a href=\"https:\/\/anovenydoki.hu\/tanfolyamok\/wp-content\/uploads\/2024\/01\/adatkezelesi-tajekoztato_uj.pdf\">Adatkezele\u0301si ta\u0301je\u0301koztato\u0301 let\u00f6lt\u00e9se<\/a><\/p>\n","protected":false},"excerpt":{"rendered":"<p>Adatkezele\u0301si ta\u0301je\u0301koztato\u0301 let\u00f6lt\u00e9se<\/p>\n","protected":false},"author":1,"featured_media":0,"parent":0,"menu_order":0,"comment_status":"closed","ping_status":"closed","template":"","meta":{"_seopress_robots_primary_cat":"","_seopress_titles_title":"","_seopress_titles_desc":"","_seopress_robots_index":"","footnotes":""},"_links":{"self":[{"href":"https:\/\/anovenydoki.hu\/tanfolyamok\/wp-json\/wp\/v2\/pages\/3"}],"collection":[{"href":"https:\/\/anovenydoki.hu\/tanfolyamok\/wp-json\/wp\/v2\/pages"}],"about":[{"href":"https:\/\/anovenydoki.hu\/tanfolyamok\/wp-json\/wp\/v2\/types\/page"}],"author":[{"embeddable":true,"href":"https:\/\/anovenydoki.hu\/tanfolyamok\/wp-json\/wp\/v2\/users\/1"}],"replies":[{"embeddable":true,"href":"https:\/\/anovenydoki.hu\/tanfolyamok\/wp-json\/wp\/v2\/comments?post=3"}],"version-history":[{"count":2,"href":"https:\/\/anovenydoki.hu\/tanfolyamok\/wp-json\/wp\/v2\/pages\/3\/revisions"}],"predecessor-version":[{"id":270,"href":"https:\/\/anovenydoki.hu\/tanfolyamok\/wp-json\/wp\/v2\/pages\/3\/revisions\/270"}],"wp:attachment":[{"href":"https:\/\/anovenydoki.hu\/tanfolyamok\/wp-json\/wp\/v2\/media?parent=3"}],"curies":[{"name":"wp","href":"https:\/\/api.w.org\/{rel}","templated":true}]}}