{"id":97,"date":"2024-01-18T13:59:15","date_gmt":"2024-01-18T13:59:15","guid":{"rendered":"https:\/\/anovenydoki.hu\/tanfolyamok\/?page_id=97"},"modified":"2024-02-22T10:01:37","modified_gmt":"2024-02-22T09:01:37","slug":"tanfolyamok","status":"publish","type":"page","link":"https:\/\/anovenydoki.hu\/tanfolyamok\/tanfolyamok\/","title":{"rendered":"Tanfolyamok"},"content":{"rendered":"\t\t<div data-elementor-type=\"wp-page\" data-elementor-id=\"97\" class=\"elementor elementor-97\" data-elementor-post-type=\"page\">\n\t\t\t\t<div class=\"elementor-element elementor-element-9e9593a e-flex e-con-boxed e-con e-parent\" data-id=\"9e9593a\" data-element_type=\"container\" data-core-v316-plus=\"true\">\n\t\t\t\t\t<div class=\"e-con-inner\">\n\t\t\t\t<div class=\"elementor-element elementor-element-e57f3e3 elementor-grid-3 elementor-grid-tablet-3 elementor-grid-mobile-2 elementor-products-grid elementor-wc-products elementor-widget elementor-widget-woocommerce-products\" data-id=\"e57f3e3\" data-element_type=\"widget\" data-widget_type=\"woocommerce-products.default\">\n\t\t\t\t<div class=\"elementor-widget-container\">\n\t\t\t<link rel=\"stylesheet\" href=\"https:\/\/anovenydoki.hu\/tanfolyamok\/wp-content\/plugins\/elementor-pro\/assets\/css\/widget-woocommerce.min.css\"><div class=\"woocommerce columns-3 \"><ul class=\"products elementor-grid columns-3\">\n<li class=\"product type-product post-40 status-publish first instock product_cat-uncategorized has-post-thumbnail virtual sold-individually purchasable product-type-course\">\n\t<a href=\"https:\/\/anovenydoki.hu\/tanfolyamok\/termek\/tavaszi-novenyvedelmi-program\/\" class=\"woocommerce-LoopProduct-link woocommerce-loop-product__link\"><img fetchpriority=\"high\" decoding=\"async\" width=\"300\" height=\"300\" src=\"https:\/\/anovenydoki.hu\/tanfolyamok\/wp-content\/uploads\/2024\/02\/tnp_w-300x300.png\" class=\"attachment-woocommerce_thumbnail size-woocommerce_thumbnail\" alt=\"\" srcset=\"https:\/\/anovenydoki.hu\/tanfolyamok\/wp-content\/uploads\/2024\/02\/tnp_w-300x300.png 300w, https:\/\/anovenydoki.hu\/tanfolyamok\/wp-content\/uploads\/2024\/02\/tnp_w-150x150.png 150w, https:\/\/anovenydoki.hu\/tanfolyamok\/wp-content\/uploads\/2024\/02\/tnp_w-100x100.png 100w\" sizes=\"(max-width: 300px) 100vw, 300px\" \/><h2 class=\"woocommerce-loop-product__title\">Tavaszi N\u00f6v\u00e9nyv\u00e9delmi Program 2024<\/h2>\n\t<span class=\"price\"><span class=\"woocommerce-Price-amount amount\"><bdi>11 900&nbsp;<span class=\"woocommerce-Price-currencySymbol\">&#70;&#116;<\/span><\/bdi><\/span><\/span>\n<\/a><div class=\"woocommerce-loop-product__buttons\"><a href=\"\/tanfolyamok\/wp-json\/wp\/v2\/pages\/97?add-to-cart=40\" data-quantity=\"1\" class=\"button product_type_course add_to_cart_button ajax_add_to_cart\" data-product_id=\"40\" data-product_sku=\"\" aria-label=\"&ldquo;Tavaszi N\u00f6v\u00e9nyv\u00e9delmi Program 2024&rdquo; term\u00e9kr\u0151l t\u00f6bb inform\u00e1ci\u00f3\" aria-describedby=\"\" rel=\"nofollow\">Kos\u00e1rba<\/a><\/div><\/li>\n<li class=\"product type-product post-343 status-publish instock product_cat-uncategorized has-post-thumbnail virtual sold-individually purchasable product-type-course\">\n\t<a href=\"https:\/\/anovenydoki.hu\/tanfolyamok\/termek\/eves-elofizetes-2024\/\" class=\"woocommerce-LoopProduct-link woocommerce-loop-product__link\"><img decoding=\"async\" width=\"300\" height=\"300\" src=\"https:\/\/anovenydoki.hu\/tanfolyamok\/wp-content\/uploads\/2024\/01\/blooming-apricot-apple-pear-cherry-tree-spring-pink-white-flowers-plant-blossom-branch-macro-garden-backyard-sunny-day-close-up-nature-beautiful-landscape-300x300.jpg\" class=\"attachment-woocommerce_thumbnail size-woocommerce_thumbnail\" alt=\"\" srcset=\"https:\/\/anovenydoki.hu\/tanfolyamok\/wp-content\/uploads\/2024\/01\/blooming-apricot-apple-pear-cherry-tree-spring-pink-white-flowers-plant-blossom-branch-macro-garden-backyard-sunny-day-close-up-nature-beautiful-landscape-300x300.jpg 300w, https:\/\/anovenydoki.hu\/tanfolyamok\/wp-content\/uploads\/2024\/01\/blooming-apricot-apple-pear-cherry-tree-spring-pink-white-flowers-plant-blossom-branch-macro-garden-backyard-sunny-day-close-up-nature-beautiful-landscape-150x150.jpg 150w, https:\/\/anovenydoki.hu\/tanfolyamok\/wp-content\/uploads\/2024\/01\/blooming-apricot-apple-pear-cherry-tree-spring-pink-white-flowers-plant-blossom-branch-macro-garden-backyard-sunny-day-close-up-nature-beautiful-landscape-100x100.jpg 100w\" sizes=\"(max-width: 300px) 100vw, 300px\" \/><h2 class=\"woocommerce-loop-product__title\">\u00c9ves el\u0151fizet\u00e9s 2024<\/h2>\n\t<span class=\"price\"><span class=\"woocommerce-Price-amount amount\"><bdi>30 000&nbsp;<span class=\"woocommerce-Price-currencySymbol\">&#70;&#116;<\/span><\/bdi><\/span><\/span>\n<\/a><div class=\"woocommerce-loop-product__buttons\"><a href=\"\/tanfolyamok\/wp-json\/wp\/v2\/pages\/97?add-to-cart=343\" data-quantity=\"1\" class=\"button product_type_course add_to_cart_button ajax_add_to_cart\" data-product_id=\"343\" data-product_sku=\"\" aria-label=\"&ldquo;\u00c9ves el\u0151fizet\u00e9s 2024&rdquo; term\u00e9kr\u0151l t\u00f6bb inform\u00e1ci\u00f3\" aria-describedby=\"\" rel=\"nofollow\">Kos\u00e1rba<\/a><\/div><\/li>\n<li class=\"product type-product post-318 status-publish last instock product_cat-uncategorized has-post-thumbnail virtual sold-individually purchasable product-type-course\">\n\t<a href=\"https:\/\/anovenydoki.hu\/tanfolyamok\/termek\/bevezetes-a-novenyvedelembe\/\" class=\"woocommerce-LoopProduct-link woocommerce-loop-product__link\"><img decoding=\"async\" width=\"300\" height=\"300\" src=\"https:\/\/anovenydoki.hu\/tanfolyamok\/wp-content\/uploads\/2024\/02\/pxl_20230929_101606782-portrait-300x300.jpg\" class=\"attachment-woocommerce_thumbnail size-woocommerce_thumbnail\" alt=\"\" srcset=\"https:\/\/anovenydoki.hu\/tanfolyamok\/wp-content\/uploads\/2024\/02\/pxl_20230929_101606782-portrait-300x300.jpg 300w, https:\/\/anovenydoki.hu\/tanfolyamok\/wp-content\/uploads\/2024\/02\/pxl_20230929_101606782-portrait-150x150.jpg 150w, https:\/\/anovenydoki.hu\/tanfolyamok\/wp-content\/uploads\/2024\/02\/pxl_20230929_101606782-portrait-100x100.jpg 100w\" sizes=\"(max-width: 300px) 100vw, 300px\" \/><h2 class=\"woocommerce-loop-product__title\">Bevezet\u00e9s a n\u00f6v\u00e9nyv\u00e9delembe<\/h2>\n\t<span class=\"price\"><span class=\"woocommerce-Price-amount amount\"><bdi>4 990&nbsp;<span class=\"woocommerce-Price-currencySymbol\">&#70;&#116;<\/span><\/bdi><\/span><\/span>\n<\/a><div class=\"woocommerce-loop-product__buttons\"><a href=\"\/tanfolyamok\/wp-json\/wp\/v2\/pages\/97?add-to-cart=318\" data-quantity=\"1\" class=\"button product_type_course add_to_cart_button ajax_add_to_cart\" data-product_id=\"318\" data-product_sku=\"bevezetes-a-novenyvedelemhez\" aria-label=\"&ldquo;Bevezet\u00e9s a n\u00f6v\u00e9nyv\u00e9delembe&rdquo; term\u00e9kr\u0151l t\u00f6bb inform\u00e1ci\u00f3\" aria-describedby=\"\" rel=\"nofollow\">Kos\u00e1rba<\/a><\/div><\/li>\n<\/ul>\n<\/div>\t\t<\/div>\n\t\t\t\t<\/div>\n\t\t\t\t<div class=\"elementor-element elementor-element-2f74463 elementor-grid-3 elementor-grid-tablet-2 elementor-grid-mobile-1 elementor-widget elementor-widget-loop-grid\" data-id=\"2f74463\" data-element_type=\"widget\" data-settings=\"{&quot;template_id&quot;:154,&quot;_skin&quot;:&quot;post&quot;,&quot;columns&quot;:&quot;3&quot;,&quot;columns_tablet&quot;:&quot;2&quot;,&quot;columns_mobile&quot;:&quot;1&quot;,&quot;edit_handle_selector&quot;:&quot;[data-elementor-type=\\&quot;loop-item\\&quot;]&quot;,&quot;row_gap&quot;:{&quot;unit&quot;:&quot;px&quot;,&quot;size&quot;:&quot;&quot;,&quot;sizes&quot;:[]},&quot;row_gap_tablet&quot;:{&quot;unit&quot;:&quot;px&quot;,&quot;size&quot;:&quot;&quot;,&quot;sizes&quot;:[]},&quot;row_gap_mobile&quot;:{&quot;unit&quot;:&quot;px&quot;,&quot;size&quot;:&quot;&quot;,&quot;sizes&quot;:[]}}\" data-widget_type=\"loop-grid.post\">\n\t\t\t\t<div class=\"elementor-widget-container\">\n\t\t\t<link rel=\"stylesheet\" href=\"https:\/\/anovenydoki.hu\/tanfolyamok\/wp-content\/plugins\/elementor-pro\/assets\/css\/widget-loop-builder.min.css\">\t\t<div class=\"e-loop-nothing-found-message\">\n\t\t<\/div>\n\t\t\t\t<\/div>\n\t\t\t\t<\/div>\n\t\t\t\t\t<\/div>\n\t\t\t\t<\/div>\n\t\t\t\t<\/div>\n\t\t","protected":false},"excerpt":{"rendered":"","protected":false},"author":1,"featured_media":0,"parent":0,"menu_order":0,"comment_status":"closed","ping_status":"closed","template":"","meta":{"_seopress_robots_primary_cat":"","_seopress_titles_title":"","_seopress_titles_desc":"","_seopress_robots_index":"","footnotes":""},"_links":{"self":[{"href":"https:\/\/anovenydoki.hu\/tanfolyamok\/wp-json\/wp\/v2\/pages\/97"}],"collection":[{"href":"https:\/\/anovenydoki.hu\/tanfolyamok\/wp-json\/wp\/v2\/pages"}],"about":[{"href":"https:\/\/anovenydoki.hu\/tanfolyamok\/wp-json\/wp\/v2\/types\/page"}],"author":[{"embeddable":true,"href":"https:\/\/anovenydoki.hu\/tanfolyamok\/wp-json\/wp\/v2\/users\/1"}],"replies":[{"embeddable":true,"href":"https:\/\/anovenydoki.hu\/tanfolyamok\/wp-json\/wp\/v2\/comments?post=97"}],"version-history":[{"count":23,"href":"https:\/\/anovenydoki.hu\/tanfolyamok\/wp-json\/wp\/v2\/pages\/97\/revisions"}],"predecessor-version":[{"id":379,"href":"https:\/\/anovenydoki.hu\/tanfolyamok\/wp-json\/wp\/v2\/pages\/97\/revisions\/379"}],"wp:attachment":[{"href":"https:\/\/anovenydoki.hu\/tanfolyamok\/wp-json\/wp\/v2\/media?parent=97"}],"curies":[{"name":"wp","href":"https:\/\/api.w.org\/{rel}","templated":true}]}}