{"id":318,"date":"2024-02-16T09:53:45","date_gmt":"2024-02-16T08:53:45","guid":{"rendered":"https:\/\/anovenydoki.hu\/tanfolyamok\/?post_type=product&#038;p=318"},"modified":"2024-02-22T09:52:20","modified_gmt":"2024-02-22T08:52:20","slug":"bevezetes-a-novenyvedelembe","status":"publish","type":"product","link":"https:\/\/anovenydoki.hu\/tanfolyamok\/termek\/bevezetes-a-novenyvedelembe\/","title":{"rendered":"Bevezet\u00e9s a n\u00f6v\u00e9nyv\u00e9delembe"},"content":{"rendered":"","protected":false},"excerpt":{"rendered":"","protected":false},"featured_media":350,"template":"","meta":{"_seopress_robots_primary_cat":"none","_seopress_titles_title":"","_seopress_titles_desc":"","_seopress_robots_index":""},"product_cat":[15],"product_tag":[],"_links":{"self":[{"href":"https:\/\/anovenydoki.hu\/tanfolyamok\/wp-json\/wp\/v2\/product\/318"}],"collection":[{"href":"https:\/\/anovenydoki.hu\/tanfolyamok\/wp-json\/wp\/v2\/product"}],"about":[{"href":"https:\/\/anovenydoki.hu\/tanfolyamok\/wp-json\/wp\/v2\/types\/product"}],"wp:featuredmedia":[{"embeddable":true,"href":"https:\/\/anovenydoki.hu\/tanfolyamok\/wp-json\/wp\/v2\/media\/350"}],"wp:attachment":[{"href":"https:\/\/anovenydoki.hu\/tanfolyamok\/wp-json\/wp\/v2\/media?parent=318"}],"wp:term":[{"taxonomy":"product_cat","embeddable":true,"href":"https:\/\/anovenydoki.hu\/tanfolyamok\/wp-json\/wp\/v2\/product_cat?post=318"},{"taxonomy":"product_tag","embeddable":true,"href":"https:\/\/anovenydoki.hu\/tanfolyamok\/wp-json\/wp\/v2\/product_tag?post=318"}],"curies":[{"name":"wp","href":"https:\/\/api.w.org\/{rel}","templated":true}]}}