{"id":343,"date":"2024-02-22T09:34:22","date_gmt":"2024-02-22T08:34:22","guid":{"rendered":"https:\/\/anovenydoki.hu\/tanfolyamok\/?post_type=product&#038;p=343"},"modified":"2024-02-22T09:35:08","modified_gmt":"2024-02-22T08:35:08","slug":"eves-elofizetes-2024","status":"publish","type":"product","link":"https:\/\/anovenydoki.hu\/tanfolyamok\/termek\/eves-elofizetes-2024\/","title":{"rendered":"\u00c9ves el\u0151fizet\u00e9s 2024"},"content":{"rendered":"","protected":false},"excerpt":{"rendered":"","protected":false},"featured_media":63,"template":"","meta":{"_seopress_robots_primary_cat":"none","_seopress_titles_title":"","_seopress_titles_desc":"","_seopress_robots_index":""},"product_cat":[15],"product_tag":[],"_links":{"self":[{"href":"https:\/\/anovenydoki.hu\/tanfolyamok\/wp-json\/wp\/v2\/product\/343"}],"collection":[{"href":"https:\/\/anovenydoki.hu\/tanfolyamok\/wp-json\/wp\/v2\/product"}],"about":[{"href":"https:\/\/anovenydoki.hu\/tanfolyamok\/wp-json\/wp\/v2\/types\/product"}],"wp:featuredmedia":[{"embeddable":true,"href":"https:\/\/anovenydoki.hu\/tanfolyamok\/wp-json\/wp\/v2\/media\/63"}],"wp:attachment":[{"href":"https:\/\/anovenydoki.hu\/tanfolyamok\/wp-json\/wp\/v2\/media?parent=343"}],"wp:term":[{"taxonomy":"product_cat","embeddable":true,"href":"https:\/\/anovenydoki.hu\/tanfolyamok\/wp-json\/wp\/v2\/product_cat?post=343"},{"taxonomy":"product_tag","embeddable":true,"href":"https:\/\/anovenydoki.hu\/tanfolyamok\/wp-json\/wp\/v2\/product_tag?post=343"}],"curies":[{"name":"wp","href":"https:\/\/api.w.org\/{rel}","templated":true}]}}